{"id":60,"date":"2024-12-10T16:54:21","date_gmt":"2024-12-10T13:54:21","guid":{"rendered":"https:\/\/www.denizliups.com\/home\/"},"modified":"2025-12-30T22:48:32","modified_gmt":"2025-12-30T19:48:32","slug":"anasayfa","status":"publish","type":"page","link":"https:\/\/www.denizliups.com\/","title":{"rendered":"Ana Sayfa"},"content":{"rendered":"\n\n\n<h2>Hikayeler<\/h2>\n\n<div class=\"wpstory-shortcode-wrapper\"><script>var wpStory1e49c3b6b9651d491324304bb3a62e48={\"id\":\"1e49c3b6b9651d491324304bb3a62e48\",\"circles\":[{\"authorImage\":\"https:\\\/\\\/www.denizliups.com\\\/wp-content\\\/uploads\\\/2025\\\/05\\\/IMG-20250516-WA0029.jpg\",\"coverAuthorImage\":\"\",\"coverImage\":\"https:\\\/\\\/www.denizliups.com\\\/wp-content\\\/uploads\\\/2025\\\/05\\\/IMG-20250516-WA0029.jpg\",\"authorName\":\"Son Teknoloji Ekipmanlar\\u0131m\\u0131z \\u0130le Bak\\u0131mlara Devam Ediyoruz\",\"coverName\":\"Son Teknoloji Ekipmanlar\\u0131m\\u0131z \\u0130le Bak\\u0131mlara Devam Ediyoruz\",\"commonName\":\"\",\"link\":\"javascript:void(0);\",\"hasMore\":false,\"items\":[{\"type\":\"video\",\"length\":11,\"src\":\"https:\\\/\\\/www.denizliups.com\\\/wp-content\\\/uploads\\\/2025\\\/05\\\/VID-20250516-WA0003-1.mp4\",\"srcID\":\"401\",\"date\":null,\"dbID\":448,\"button\":{\"link\":\"https:\\\/\\\/www.denizliups.com\\\/hizmetler\\\/\",\"linkText\":\"Son Teknoloji Ekipmanlar\\u0131m\\u0131z \\u0130le Bak\\u0131mlara Devam Ediyoruz\",\"target\":\"_self\"}}],\"type\":\"image\"},{\"authorImage\":\"https:\\\/\\\/www.denizliups.com\\\/wp-content\\\/uploads\\\/2025\\\/05\\\/IMG-20250516-WA0032.jpg\",\"coverAuthorImage\":\"\",\"coverImage\":\"https:\\\/\\\/www.denizliups.com\\\/wp-content\\\/uploads\\\/2025\\\/05\\\/IMG-20250516-WA0032.jpg\",\"authorName\":\"60 KVA UPS Bak\\u0131m\\u0131\",\"coverName\":\"60 KVA UPS Bak\\u0131m\\u0131\",\"commonName\":\"\",\"link\":\"javascript:void(0);\",\"hasMore\":false,\"items\":[{\"type\":\"video\",\"length\":12,\"src\":\"https:\\\/\\\/www.denizliups.com\\\/wp-content\\\/uploads\\\/2025\\\/05\\\/VID-20250516-WA0006.mp4\",\"srcID\":\"398\",\"date\":null,\"dbID\":447,\"button\":{\"link\":\"https:\\\/\\\/www.denizliups.com\\\/hizmetler\\\/\",\"linkText\":\"60 KVA UPS Bak\\u0131m\\u0131\",\"target\":\"_self\"}}],\"type\":\"image\"},{\"authorImage\":\"https:\\\/\\\/www.denizliups.com\\\/wp-content\\\/uploads\\\/2025\\\/05\\\/IMG-20250516-WA0029.jpg\",\"coverAuthorImage\":\"\",\"coverImage\":\"https:\\\/\\\/www.denizliups.com\\\/wp-content\\\/uploads\\\/2025\\\/05\\\/IMG-20250516-WA0029.jpg\",\"authorName\":\"\\u00d6demi\\u015f Kaymakaml\\u0131k UPS Bak\\u0131m\\u0131\",\"coverName\":\"\\u00d6demi\\u015f Kaymakaml\\u0131k UPS Bak\\u0131m\\u0131\",\"commonName\":\"\",\"link\":\"javascript:void(0);\",\"hasMore\":false,\"items\":[{\"type\":\"video\",\"length\":12,\"src\":\"https:\\\/\\\/www.denizliups.com\\\/wp-content\\\/uploads\\\/2025\\\/05\\\/VID-20250516-WA0007.mp4\",\"srcID\":\"399\",\"date\":null,\"dbID\":446,\"button\":{\"link\":\"https:\\\/\\\/www.denizliups.com\\\/hizmetler\\\/\",\"linkText\":\"\\u00d6demi\\u015f Kaymakaml\\u0131k UPS Bak\\u0131m\\u0131\",\"target\":\"_self\"}}],\"type\":\"image\"},{\"authorImage\":\"https:\\\/\\\/www.denizliups.com\\\/wp-content\\\/uploads\\\/2025\\\/05\\\/IMG-20250516-WA0030.jpg\",\"coverAuthorImage\":\"\",\"coverImage\":\"https:\\\/\\\/www.denizliups.com\\\/wp-content\\\/uploads\\\/2025\\\/05\\\/IMG-20250516-WA0030.jpg\",\"authorName\":\"Teknokent UPS Bak\\u0131m\\u0131\",\"coverName\":\"Teknokent UPS Bak\\u0131m\\u0131\",\"commonName\":\"\",\"link\":\"javascript:void(0);\",\"hasMore\":false,\"items\":[{\"type\":\"video\",\"length\":15,\"src\":\"https:\\\/\\\/www.denizliups.com\\\/wp-content\\\/uploads\\\/2025\\\/05\\\/VID-20250516-WA0004.mp4\",\"srcID\":\"396\",\"date\":null,\"dbID\":419,\"button\":{\"link\":\"https:\\\/\\\/www.denizliups.com\\\/hizmetler\\\/\",\"linkText\":\"Teknokent UPS Bak\\u0131m\\u0131\",\"target\":\"_self\"}}],\"type\":\"image\"},{\"authorImage\":\"https:\\\/\\\/www.denizliups.com\\\/wp-content\\\/uploads\\\/2025\\\/07\\\/IMG-20250707-WA0027.jpg\",\"coverAuthorImage\":\"\",\"coverImage\":\"https:\\\/\\\/www.denizliups.com\\\/wp-content\\\/uploads\\\/2025\\\/07\\\/IMG-20250707-WA0027.jpg\",\"authorName\":\"Bak\\u0131m Hizmetlerimiz\",\"coverName\":\"Bak\\u0131m Hizmetlerimiz\",\"commonName\":\"\",\"link\":\"javascript:void(0);\",\"hasMore\":false,\"items\":[{\"type\":\"image\",\"length\":\"10\",\"src\":\"https:\\\/\\\/www.denizliups.com\\\/wp-content\\\/uploads\\\/2025\\\/07\\\/IMG-20250707-WA0027.jpg\",\"srcID\":\"494\",\"date\":null,\"dbID\":498,\"button\":{\"link\":\"https:\\\/\\\/www.denizliups.com\\\/hizmetler\\\/\",\"linkText\":\"Bak\\u0131m Hizmetlerimiz\",\"target\":\"_self\"}},{\"type\":\"image\",\"length\":\"10\",\"src\":\"https:\\\/\\\/www.denizliups.com\\\/wp-content\\\/uploads\\\/2025\\\/07\\\/IMG-20250707-WA0028.jpg\",\"srcID\":\"495\",\"date\":null,\"dbID\":498,\"button\":{\"link\":\"https:\\\/\\\/www.denizliups.com\\\/hizmetler\\\/\",\"linkText\":\"Bak\\u0131m Hizmetlerimiz \",\"target\":\"_self\"}},{\"type\":\"image\",\"length\":\"10\",\"src\":\"https:\\\/\\\/www.denizliups.com\\\/wp-content\\\/uploads\\\/2025\\\/07\\\/IMG-20250707-WA0025.jpg\",\"srcID\":\"492\",\"date\":null,\"dbID\":498,\"button\":{\"link\":\"https:\\\/\\\/www.denizliups.com\\\/hizmetler\\\/\",\"linkText\":\"Bak\\u0131m Hizmetlerimiz\",\"target\":\"_self\"}}],\"type\":\"image\"},{\"authorImage\":\"https:\\\/\\\/www.denizliups.com\\\/wp-content\\\/uploads\\\/2025\\\/08\\\/Borusan-BMW.mp4\",\"coverAuthorImage\":\"\",\"coverImage\":\"https:\\\/\\\/www.denizliups.com\\\/wp-content\\\/uploads\\\/2025\\\/08\\\/Borusan-BMW.mp4\",\"authorName\":\"Borusan BMW UPS Bak\\u0131m\\u0131\",\"coverName\":\"Borusan BMW UPS Bak\\u0131m\\u0131\",\"commonName\":\"\",\"link\":\"javascript:void(0);\",\"hasMore\":false,\"items\":[{\"type\":\"video\",\"length\":27,\"src\":\"https:\\\/\\\/www.denizliups.com\\\/wp-content\\\/uploads\\\/2025\\\/08\\\/Borusan-BMW.mp4\",\"srcID\":\"505\",\"date\":null,\"dbID\":507,\"button\":{\"link\":\"https:\\\/\\\/www.denizliups.com\\\/hizmetler\\\/\",\"linkText\":\"Borusan BMW UPS Bak\\u0131m\\u0131\",\"target\":\"_self\"}}],\"type\":\"video\"},{\"authorImage\":\"https:\\\/\\\/www.denizliups.com\\\/wp-content\\\/uploads\\\/2025\\\/08\\\/3KVA-Satis.mp4\",\"coverAuthorImage\":\"\",\"coverImage\":\"https:\\\/\\\/www.denizliups.com\\\/wp-content\\\/uploads\\\/2025\\\/08\\\/3KVA-Satis.mp4\",\"authorName\":\"3 KVA UPS Sat\\u0131\\u015f\\u0131m\\u0131z\",\"coverName\":\"3 KVA UPS Sat\\u0131\\u015f\\u0131m\\u0131z\",\"commonName\":\"\",\"link\":\"javascript:void(0);\",\"hasMore\":false,\"items\":[{\"type\":\"video\",\"length\":15,\"src\":\"https:\\\/\\\/www.denizliups.com\\\/wp-content\\\/uploads\\\/2025\\\/08\\\/3KVA-Satis.mp4\",\"srcID\":\"516\",\"date\":null,\"dbID\":513,\"button\":{\"link\":\"https:\\\/\\\/www.denizliups.com\\\/magaza\\\/\",\"linkText\":\"3 KVA UPS Sat\\u0131\\u015f\\u0131m\\u0131z\",\"target\":\"_self\"}}],\"type\":\"video\"},{\"authorImage\":\"https:\\\/\\\/www.denizliups.com\\\/wp-content\\\/uploads\\\/2025\\\/08\\\/Metropol-TV.mp4\",\"coverAuthorImage\":\"\",\"coverImage\":\"https:\\\/\\\/www.denizliups.com\\\/wp-content\\\/uploads\\\/2025\\\/08\\\/Metropol-TV.mp4\",\"authorName\":\"Metropol TV\",\"coverName\":\"Metropol TV\",\"commonName\":\"\",\"link\":\"javascript:void(0);\",\"hasMore\":false,\"items\":[{\"type\":\"video\",\"length\":24,\"src\":\"https:\\\/\\\/www.denizliups.com\\\/wp-content\\\/uploads\\\/2025\\\/08\\\/Metropol-TV.mp4\",\"srcID\":\"506\",\"date\":null,\"dbID\":517,\"button\":{\"link\":\"https:\\\/\\\/www.denizliups.com\\\/hizmetler\\\/\",\"linkText\":\"Metropol TV UPS Bak\\u0131m\\u0131\",\"target\":\"_self\"}}],\"type\":\"video\"}]}<\/script><div id=\"wpstory-shortcode-1e49c3b6b9651d491324304bb3a62e48\" style=\"--wpstory-circle-gradient-1:#ee583f;--wpstory-circle-gradient-2:#bd3381;--wpstory-circle-text-color:#000;\" class=\"wpstory-shortcode wpstory-feed-container wpstory-item-circles wpstory-slider-container wpstory-story-circles-1e49c3b6b9651d491324304bb3a62e48 wpstory-shortcode-style-instagram\" data-args={\"id\":\"1e49c3b6b9651d491324304bb3a62e48\",\"restID\":449,\"fullScreen\":false,\"fullSizeMedia\":false,\"style\":\"instagram\",\"position\":\"auto\",\"slideEffect\":\"slide\",\"muted\":false,\"swipe\":true,\"type\":\"box\",\"renderType\":\"server\",\"idsType\":\"story\",\"modalBgType\":\"auto\"} data-modal-style-atts=\"--wpstory-modal-gradient-1:#000;--wpstory-modal-gradient-2:#000;--wpstory-button-gradient-1:#647dee;--wpstory-button-gradient-2:#7f53ac;--wpstory-button-text-color:#ffffff;--wpstory-button-font-size:16;--wpstory-button-padding:12px 24px;--wpstory-button-radius:5px;\"><div class=\"wpstory-slider-wrapper\"><span class=\"wpstory-skeleton-loader\"><span><\/span><span><\/span><span><\/span><span><\/span><\/span><span class=\"wpstory-skeleton-loader\"><span><\/span><span><\/span><span><\/span><span><\/span><\/span><span class=\"wpstory-skeleton-loader\"><span><\/span><span><\/span><span><\/span><span><\/span><\/span><span class=\"wpstory-skeleton-loader\"><span><\/span><span><\/span><span><\/span><span><\/span><\/span><span class=\"wpstory-skeleton-loader\"><span><\/span><span><\/span><span><\/span><span><\/span><\/span><span class=\"wpstory-skeleton-loader\"><span><\/span><span><\/span><span><\/span><span><\/span><\/span><span class=\"wpstory-skeleton-loader\"><span><\/span><span><\/span><span><\/span><span><\/span><\/span><span class=\"wpstory-skeleton-loader\"><span><\/span><span><\/span><span><\/span><span><\/span><\/span><span class=\"wpstory-skeleton-loader\"><span><\/span><span><\/span><span><\/span><span><\/span><\/span><span class=\"wpstory-skeleton-loader\"><span><\/span><span><\/span><span><\/span><span><\/span><\/span><span class=\"wpstory-skeleton-loader\"><span><\/span><span><\/span><span><\/span><span><\/span><\/span><span class=\"wpstory-skeleton-loader\"><span><\/span><span><\/span><span><\/span><span><\/span><\/span><span class=\"wpstory-skeleton-loader\"><span><\/span><span><\/span><span><\/span><span><\/span><\/span><span class=\"wpstory-skeleton-loader\"><span><\/span><span><\/span><span><\/span><span><\/span><\/span><span class=\"wpstory-skeleton-loader\"><span><\/span><span><\/span><span><\/span><span><\/span><\/span><span class=\"wpstory-skeleton-loader\"><span><\/span><span><\/span><span><\/span><span><\/span><\/span><span class=\"wpstory-skeleton-loader\"><span><\/span><span><\/span><span><\/span><span><\/span><\/span><span class=\"wpstory-skeleton-loader\"><span><\/span><span><\/span><span><\/span><span><\/span><\/span><span class=\"wpstory-skeleton-loader\"><span><\/span><span><\/span><span><\/span><span><\/span><\/span><span class=\"wpstory-skeleton-loader\"><span><\/span><span><\/span><span><\/span><span><\/span><\/span><\/div><button type=\"button\" style=\"display: none\" class=\"wpstory-slider-nav wpstory-slider-nav-prev\"><svg xmlns=\"http:\/\/www.w3.org\/2000\/svg\" height=\"24px\" viewBox=\"0 0 24 24\" width=\"24px\" fill=\"#000000\"><path d=\"M0 0h24v24H0V0z\" fill=\"none\"\/><path d=\"M14.71 6.71c-.39-.39-1.02-.39-1.41 0L8.71 11.3c-.39.39-.39 1.02 0 1.41l4.59 4.59c.39.39 1.02.39 1.41 0 .39-.39.39-1.02 0-1.41L10.83 12l3.88-3.88c.39-.39.38-1.03 0-1.41z\"\/><\/svg><\/button><button type=\"button\" style=\"display: none\" class=\"wpstory-slider-nav wpstory-slider-nav-next\"><svg xmlns=\"http:\/\/www.w3.org\/2000\/svg\" height=\"24px\" viewBox=\"0 0 24 24\" width=\"24px\" fill=\"#000000\"><path d=\"M0 0h24v24H0V0z\" fill=\"none\"\/><path d=\"M9.29 6.71c-.39.39-.39 1.02 0 1.41L13.17 12l-3.88 3.88c-.39.39-.39 1.02 0 1.41.39.39 1.02.39 1.41 0l4.59-4.59c.39-.39.39-1.02 0-1.41L10.7 6.7c-.38-.38-1.02-.38-1.41.01z\"\/><\/svg><\/button><\/div><\/div>\n\n\n\n\n\n\n\n\n<h1><span style=\"color: rgb(105, 194, 4); font-family: Muli; font-size: 22px; font-weight: 600;\">Hakk\u0131m\u0131zda<\/span><\/h1>\n\n\n\n<p><\/p><h4><\/h4><p><\/p><p><span><strong>NSR Enerji<\/strong>, Denizli&#8217;de kesintisiz g\u00fc\u00e7 kaynaklar\u0131 (UPS) konusunda uzmanla\u015fm\u0131\u015f bir firmad\u0131r. 2010 y\u0131l\u0131ndan bu yana, m\u00fc\u015fterilerimize y\u00fcksek kaliteli \u00fcr\u00fcnler ve profesyonel hizmetler sunarak enerji ihtiya\u00e7lar\u0131na g\u00fcvenilir \u00e7\u00f6z\u00fcmler sa\u011fl\u0131yoruz.<\/span><\/p>\n\n\n\n\n\n\n<h2>UPS Teknik Servis mi Ar\u0131yorsunuz?<\/h2>\n\n\n<p [object=\"\" namednodemap]=\"\"><span style=\"font-size: medium;\">NSR Enerji olarak, sat\u0131\u015f, servis ve bak\u0131m hizmetlerimizle m\u00fc\u015fterilerimize komple \u00e7\u00f6z\u00fcmler sunuyoruz. Profesyonel ekibimizle, kesintisiz g\u00fc\u00e7 kaynaklar\u0131n\u0131n devreye al\u0131nmas\u0131ndan periyodik bak\u0131m\u0131na kadar her a\u015famada yan\u0131n\u0131zday\u0131z.<\/span><br><\/p>\n\n\n\n\n\n<h2>\u00c7al\u0131\u015ft\u0131\u011f\u0131m\u0131z Baz\u0131 Firmalar<\/h2>\n\n\n<h2 style=\"text-align: center;\"><strong style=\"background-color: rgb(105, 194, 4);\">Sizler de bizlerle \u00e7al\u0131\u015fmak i\u00e7in;<\/strong><\/h2>\n\n\n\n","protected":false},"excerpt":{"rendered":"","protected":false},"author":1,"featured_media":0,"parent":0,"menu_order":0,"comment_status":"closed","ping_status":"closed","template":"","meta":{"googlesitekit_rrm_CAow-uG7DA:productID":"","pagelayer_contact_templates":[],"_pagelayer_content":"","footnotes":""},"class_list":["post-60","page","type-page","status-publish","hentry"],"_links":{"self":[{"href":"https:\/\/www.denizliups.com\/index.php?rest_route=\/wp\/v2\/pages\/60","targetHints":{"allow":["GET"]}}],"collection":[{"href":"https:\/\/www.denizliups.com\/index.php?rest_route=\/wp\/v2\/pages"}],"about":[{"href":"https:\/\/www.denizliups.com\/index.php?rest_route=\/wp\/v2\/types\/page"}],"author":[{"embeddable":true,"href":"https:\/\/www.denizliups.com\/index.php?rest_route=\/wp\/v2\/users\/1"}],"replies":[{"embeddable":true,"href":"https:\/\/www.denizliups.com\/index.php?rest_route=%2Fwp%2Fv2%2Fcomments&post=60"}],"version-history":[{"count":52,"href":"https:\/\/www.denizliups.com\/index.php?rest_route=\/wp\/v2\/pages\/60\/revisions"}],"predecessor-version":[{"id":572,"href":"https:\/\/www.denizliups.com\/index.php?rest_route=\/wp\/v2\/pages\/60\/revisions\/572"}],"wp:attachment":[{"href":"https:\/\/www.denizliups.com\/index.php?rest_route=%2Fwp%2Fv2%2Fmedia&parent=60"}],"curies":[{"name":"wp","href":"https:\/\/api.w.org\/{rel}","templated":true}]}}