{"id":58,"date":"2024-12-10T16:54:21","date_gmt":"2024-12-10T16:54:21","guid":{"rendered":"https:\/\/www.denizliups.com\/about\/"},"modified":"2025-07-07T19:44:01","modified_gmt":"2025-07-07T19:44:01","slug":"hakkimizda","status":"publish","type":"page","link":"https:\/\/www.denizliups.com\/?page_id=58","title":{"rendered":"Hakk\u0131m\u0131zda"},"content":{"rendered":"\n\n\n<h1>hakk\u0131m\u0131zda<\/h1>\n\n\n\n\n\n\n\n\n<h2>hakk\u0131m\u0131zda<\/h2>\n\n<p style=\"font-size: medium;\"><strong>NSR Enerji<\/strong>, Denizli&#8217;de kesintisiz g\u00fc\u00e7 kaynaklar\u0131 (UPS) konusunda uzmanla\u015fm\u0131\u015f bir firmad\u0131r. 2010 y\u0131l\u0131ndan bu yana, m\u00fc\u015fterilerimize y\u00fcksek kaliteli \u00fcr\u00fcnler ve profesyonel hizmetler sunarak enerji ihtiya\u00e7lar\u0131na g\u00fcvenilir \u00e7\u00f6z\u00fcmler sa\u011fl\u0131yoruz.<\/p>\n\n\n\n\n<h2>Misyonumuz<\/h2>\n\n<p style=\"font-size: medium;\">Misyonumuz, i\u015f yerleri ve evler i\u00e7in kesintisiz enerji sa\u011flamak ve bu alanda g\u00fcvenilir bir ortak olmakt\u0131r. Yenilik\u00e7i yakla\u015f\u0131mlar\u0131m\u0131z ve \u00fcst\u00fcn m\u00fc\u015fteri hizmetlerimizle sekt\u00f6rde fark yaratmay\u0131 hedefliyoruz.<\/p>\n\n\n<h2>Vizyonumuz<\/h2>\n\n<p style=\"font-size: medium;\"><strong>NSR Enerji<\/strong> olarak, s\u00fcrd\u00fcr\u00fclebilir ve g\u00fcvenilir enerji \u00e7\u00f6z\u00fcmleri sunarak T\u00fcrkiye genelinde lider bir konumda olmay\u0131 ama\u00e7l\u0131yoruz. Her ge\u00e7en g\u00fcn b\u00fcy\u00fcyen m\u00fc\u015fteri portf\u00f6y\u00fcm\u00fcz ve geli\u015fen hizmet a\u011f\u0131m\u0131zla, enerji sekt\u00f6r\u00fcnde \u00f6nc\u00fc bir rol oynamaktay\u0131z.<\/p>\n\n\n\n\n<h2>De\u011ferlerimiz<\/h2>\n\n<li><p><strong>G\u00fcvenilirlik<\/strong>: M\u00fc\u015fterilerimize sundu\u011fumuz \u00e7\u00f6z\u00fcmlerle her zaman yan\u0131n\u0131zday\u0131z.<\/p><\/li><li><p><strong>Kalite<\/strong>: Y\u00fcksek kaliteli \u00fcr\u00fcnler ve profesyonel hizmet anlay\u0131\u015f\u0131m\u0131z ile fark yarat\u0131yoruz.<\/p><\/li><li><p><strong>Yenilik\u00e7ilik<\/strong>: S\u00fcrekli geli\u015fim ve yenilik\u00e7i \u00e7\u00f6z\u00fcmler ile sekt\u00f6rde \u00f6nc\u00fc olmaya devam ediyoruz.<\/p><\/li><li><p><strong>M\u00fc\u015fteri Memnuniyeti<\/strong>: M\u00fc\u015fterilerimizin ihtiya\u00e7lar\u0131na en iyi \u015fekilde cevap verebilmek i\u00e7in \u00f6zveriyle \u00e7al\u0131\u015f\u0131yoruz.<\/p><\/li>\n\n\n<h2>hizmetlerimiz<\/h2>\n\n\n\n\n\n\n<p>NSR Enerji olarak, sat\u0131\u015f, servis ve bak\u0131m hizmetlerimizle m\u00fc\u015fterilerimize komple \u00e7\u00f6z\u00fcmler sunuyoruz. Profesyonel ekibimizle, kesintisiz g\u00fc\u00e7 kaynaklar\u0131n\u0131n devreye al\u0131nmas\u0131ndan periyodik bak\u0131m\u0131na kadar her a\u015famada yan\u0131n\u0131zday\u0131z.<\/p>\n\n\n<p><span style=\"font-size: 14px;\">Yapaca\u011f\u0131m\u0131z ilk ke\u015fif \u00fccretsizdir.\u00a0<\/span><\/p>\n\n\n\n\n<p>Sizlere en uygun Kesintisiz G\u00fc\u00e7 Kayna\u011f\u0131n\u0131 en uygun fiyata temin edip bak\u0131m ve teknik servis hizmetlerimizden ayr\u0131ca yararlanabilirsiniz.<\/p>\n\n\n\n\n\n\n\n\n\n\n\n\n\n\n\n\n\n\n","protected":false},"excerpt":{"rendered":"","protected":false},"author":1,"featured_media":0,"parent":0,"menu_order":0,"comment_status":"closed","ping_status":"closed","template":"","meta":{"googlesitekit_rrm_CAow-uG7DA:productID":"","pagelayer_contact_templates":[],"_pagelayer_content":"","footnotes":""},"class_list":["post-58","page","type-page","status-publish","hentry"],"_links":{"self":[{"href":"https:\/\/www.denizliups.com\/index.php?rest_route=\/wp\/v2\/pages\/58","targetHints":{"allow":["GET"]}}],"collection":[{"href":"https:\/\/www.denizliups.com\/index.php?rest_route=\/wp\/v2\/pages"}],"about":[{"href":"https:\/\/www.denizliups.com\/index.php?rest_route=\/wp\/v2\/types\/page"}],"author":[{"embeddable":true,"href":"https:\/\/www.denizliups.com\/index.php?rest_route=\/wp\/v2\/users\/1"}],"replies":[{"embeddable":true,"href":"https:\/\/www.denizliups.com\/index.php?rest_route=%2Fwp%2Fv2%2Fcomments&post=58"}],"version-history":[{"count":8,"href":"https:\/\/www.denizliups.com\/index.php?rest_route=\/wp\/v2\/pages\/58\/revisions"}],"predecessor-version":[{"id":497,"href":"https:\/\/www.denizliups.com\/index.php?rest_route=\/wp\/v2\/pages\/58\/revisions\/497"}],"wp:attachment":[{"href":"https:\/\/www.denizliups.com\/index.php?rest_route=%2Fwp%2Fv2%2Fmedia&parent=58"}],"curies":[{"name":"wp","href":"https:\/\/api.w.org\/{rel}","templated":true}]}}