{"id":57,"date":"2024-12-10T16:54:20","date_gmt":"2024-12-10T16:54:20","guid":{"rendered":"https:\/\/www.denizliups.com\/services\/"},"modified":"2025-05-19T19:15:14","modified_gmt":"2025-05-19T19:15:14","slug":"hizmetler","status":"publish","type":"page","link":"https:\/\/www.denizliups.com\/?page_id=57","title":{"rendered":"Hizmetler"},"content":{"rendered":"\n\n\n<h1>Hizmetlerimiz<\/h1>\n\n\n\n\n\n<h2>Hizmetlerimiz<\/h2>\n\n\n\n<p style=\"font-size: 14px;\">Sizler i\u00e7in en kaliteli ve en uygun UPS modellerini sunuyoruz. Bizden sat\u0131n alabilir ve montaj\u0131n\u0131 h\u0131zl\u0131ca uzman kadromuza yapt\u0131rabilirsiniz.<\/p>\n\n\n<p style=\"font-size: 14px;\">Uzman kadromuz ve y\u0131llar\u0131n verdi\u011fi tecr\u00fcbe ile her marka ve model kesintisiz g\u00fc\u00e7 kayna\u011f\u0131n\u0131z\u0131n bak\u0131m ve onar\u0131m i\u015fini yapabiliriz.&nbsp;<\/p>\n\n\nG\u00fcvenilir ve b\u00fct\u00e7enize uygun bir Teknik Servisle \u00e7al\u0131\u015fmak i\u00e7in bizi tercih etmelisiniz.\n\n\n\n\n\n\n<h2>Fahi\u015f Fiyatlardan S\u0131k\u0131ld\u0131n\u0131z m\u0131?<\/h2>\n\n<p style=\"text-align: center; color: rgb(255, 255, 255);\"><strong><\/strong><strong>NSR Enerji <\/strong>sizlere kaliteli \u00fcr\u00fcnleri ve Teknik Deste\u011fi en uygun fiyata vermek i\u00e7in burada. \u00dcstelik \u0130lk Ke\u015fif \u00dccretsizdir!<\/p>\n<p style=\"text-align: center; color: rgb(255, 255, 255);\">UPS Bak\u0131m, Onar\u0131m ve Teknik Destek almak istiyorsan\u0131z<\/p>\n\n\n\n\n\n<h2>Bizden Kareler<\/h2>\n\n\n\n\n\n\n\n\n\n\n\n\n\n\n\n\n\n\n\n\n\n\n\n\n\n\n\n\n\n\n\n\n\n\n\n","protected":false},"excerpt":{"rendered":"","protected":false},"author":1,"featured_media":0,"parent":0,"menu_order":0,"comment_status":"closed","ping_status":"closed","template":"","meta":{"googlesitekit_rrm_CAow-uG7DA:productID":"","pagelayer_contact_templates":[],"_pagelayer_content":"","footnotes":""},"class_list":["post-57","page","type-page","status-publish","hentry"],"_links":{"self":[{"href":"https:\/\/www.denizliups.com\/index.php?rest_route=\/wp\/v2\/pages\/57","targetHints":{"allow":["GET"]}}],"collection":[{"href":"https:\/\/www.denizliups.com\/index.php?rest_route=\/wp\/v2\/pages"}],"about":[{"href":"https:\/\/www.denizliups.com\/index.php?rest_route=\/wp\/v2\/types\/page"}],"author":[{"embeddable":true,"href":"https:\/\/www.denizliups.com\/index.php?rest_route=\/wp\/v2\/users\/1"}],"replies":[{"embeddable":true,"href":"https:\/\/www.denizliups.com\/index.php?rest_route=%2Fwp%2Fv2%2Fcomments&post=57"}],"version-history":[{"count":6,"href":"https:\/\/www.denizliups.com\/index.php?rest_route=\/wp\/v2\/pages\/57\/revisions"}],"predecessor-version":[{"id":456,"href":"https:\/\/www.denizliups.com\/index.php?rest_route=\/wp\/v2\/pages\/57\/revisions\/456"}],"wp:attachment":[{"href":"https:\/\/www.denizliups.com\/index.php?rest_route=%2Fwp%2Fv2%2Fmedia&parent=57"}],"curies":[{"name":"wp","href":"https:\/\/api.w.org\/{rel}","templated":true}]}}