{"id":120,"date":"2025-05-16T17:39:12","date_gmt":"2025-05-16T17:39:12","guid":{"rendered":"https:\/\/www.denizliups.com\/?page_id=120"},"modified":"2025-05-16T17:39:13","modified_gmt":"2025-05-16T17:39:13","slug":"geri-odeme-iade","status":"publish","type":"page","link":"https:\/\/www.denizliups.com\/?page_id=120","title":{"rendered":"Geri \u00d6deme ve \u0130ade Politikas\u0131"},"content":{"rendered":"\n<div class=\"wp-block-group alignwide\"><div class=\"wp-block-group__inner-container is-layout-constrained wp-container-core-group-is-layout-ea1a8c23 wp-block-group-is-layout-constrained\">\n<h2 class=\"wp-block-heading has-text-align-center has-ast-global-color-2-color has-text-color\"><br><br><br>Genel Bak\u0131\u015f<\/h2>\n\n\n\n<p class=\"has-text-align-center\">\u0130ade ve iade politikam\u0131z 30 g\u00fcnd\u00fcr. Sat\u0131n alma i\u015fleminizden bu yana 30 g\u00fcn ge\u00e7tiyse, size tam bir iade veya de\u011fi\u015fim teklif edemeyiz.\n\n\u0130ade i\u00e7in uygun olabilmeniz i\u00e7in, \u00fcr\u00fcn\u00fcn\u00fcz\u00fcn kullan\u0131lmam\u0131\u015f ve ald\u0131\u011f\u0131n\u0131z zamanki durumda olmas\u0131 gerekir. Ayr\u0131ca orijinal ambalaj\u0131nda \u200b\u200bolmas\u0131 gerekir.\n\nBirka\u00e7 t\u00fcr mal iadeden muaft\u0131r. Yiyecek, \u00e7i\u00e7ek, gazete veya dergi gibi bozulabilir mallar iade edilemez. Ayr\u0131ca, mahrem veya hijyenik \u00fcr\u00fcnler, tehlikeli maddeler veya yan\u0131c\u0131 s\u0131v\u0131lar veya gazlar i\u00e7eren \u00fcr\u00fcnleri de kabul etmiyoruz.<\/p>\n\n\n\n<p class=\"has-text-align-center\">\u0130ade edilemeyen ek \u00fcr\u00fcnler:<\/p>\n\n\n\n<ul class=\"wp-block-list\">\n<li>Hediye kartlar\u0131<\/li>\n\n\n\n<li>\u0130ndirilebilir yaz\u0131l\u0131m \u00fcr\u00fcnleri<\/li>\n\n\n\n<li>Baz\u0131 sa\u011fl\u0131k ve ki\u015fisel bak\u0131m \u00fcr\u00fcnleri<\/li>\n<\/ul>\n\n\n\n<p class=\"has-text-align-center\">\u0130adenizi tamamlamak i\u00e7in makbuz veya sat\u0131n alma belgesine ihtiyac\u0131m\u0131z var.<\/p>\n\n\n\n<p>L\u00fctfen sat\u0131n ald\u0131\u011f\u0131n\u0131z \u00fcr\u00fcn\u00fc \u00fcreticiye geri g\u00f6ndermeyiniz.<\/p>\n\n\n\n<p>Yaln\u0131zca k\u0131smi geri \u00f6demelerin yap\u0131ld\u0131\u011f\u0131 belirli durumlar vard\u0131r:<\/p>\n\n\n\n<ul class=\"wp-block-list\">\n<li>A\u00e7\u0131k\u00e7a kullan\u0131m izleri olan kitap<\/li>\n\n\n\n<li>A\u00e7\u0131lm\u0131\u015f CD, DVD, VHS kaset, yaz\u0131l\u0131m, video oyunu, kaset veya vinil plak.<\/li>\n\n\n\n<li>Orijinal durumunda olmayan, hasarl\u0131 veya bizim hatam\u0131zdan kaynaklanmayan nedenlerle par\u00e7alar\u0131 eksik olan herhangi bir \u00fcr\u00fcn.<\/li>\n\n\n\n<li>Teslimattan sonra 30 g\u00fcnden fazla s\u00fcre sonra iade edilen herhangi bir \u00fcr\u00fcn<\/li>\n<\/ul>\n<\/div><\/div>\n\n\n\n<div class=\"wp-block-group alignwide\"><div class=\"wp-block-group__inner-container is-layout-constrained wp-container-core-group-is-layout-ea1a8c23 wp-block-group-is-layout-constrained\">\n<h2 class=\"wp-block-heading has-text-align-center has-ast-global-color-2-color has-text-color\"><br><br>Geri \u00d6demeler<\/h2>\n\n\n\n<p class=\"has-text-align-center\">\u0130adeniz al\u0131nd\u0131ktan ve incelendikten sonra, iade etti\u011finiz \u00fcr\u00fcn\u00fc ald\u0131\u011f\u0131m\u0131z\u0131 bildirmek i\u00e7in size bir e-posta g\u00f6nderece\u011fiz. Ayr\u0131ca, geri \u00f6demenizin onaylan\u0131p onaylanmad\u0131\u011f\u0131n\u0131 da size bildirece\u011fiz.<br><br>Onaylan\u0131rsan\u0131z, geri \u00f6demeniz i\u015fleme al\u0131nacak ve belirli bir g\u00fcn say\u0131s\u0131 i\u00e7inde kredi kart\u0131n\u0131za veya orijinal \u00f6deme y\u00f6nteminize otomatik olarak bir kredi uygulanacakt\u0131r.<\/p>\n<\/div><\/div>\n\n\n\n<div class=\"wp-block-group alignwide\"><div class=\"wp-block-group__inner-container is-layout-constrained wp-container-core-group-is-layout-ea1a8c23 wp-block-group-is-layout-constrained\">\n<h2 class=\"wp-block-heading has-text-align-center has-ast-global-color-2-color has-text-color\"><br><br>Ge\u00e7 veya eksik iadeler<\/h2>\n\n\n\n<p class=\"has-text-align-center\">Hen\u00fcz geri \u00f6deme almad\u0131ysan\u0131z, \u00f6nce banka hesab\u0131n\u0131z\u0131 tekrar kontrol edin.<br><br>Ard\u0131ndan kredi kart\u0131 \u015firketinizle ileti\u015fime ge\u00e7in, geri \u00f6demenizin resmi olarak g\u00f6nderilmesi biraz zaman alabilir.<br><br>Ard\u0131ndan bankan\u0131zla ileti\u015fime ge\u00e7in. Geri \u00f6deme g\u00f6nderilmeden \u00f6nce genellikle biraz i\u015flem s\u00fcresi olur.<br><br>T\u00fcm bunlar\u0131 yapt\u0131ysan\u0131z ve hala geri \u00f6demenizi almad\u0131ysan\u0131z, l\u00fctfen {email address} adresinden bizimle ileti\u015fime ge\u00e7in.<\/p>\n<\/div><\/div>\n\n\n\n<div class=\"wp-block-group alignwide\"><div class=\"wp-block-group__inner-container is-layout-constrained wp-container-core-group-is-layout-ea1a8c23 wp-block-group-is-layout-constrained\">\n<h2 class=\"wp-block-heading has-text-align-center has-ast-global-color-2-color has-text-color\"><br>\u0130ndirimli \u00dcr\u00fcnlerin \u0130adesi<\/h2>\n\n\n\n<p class=\"has-text-align-center\">Sadece normal fiyatl\u0131 \u00fcr\u00fcnler iade edilebilir. \u0130ndirimli \u00fcr\u00fcnler iade edilemez.<\/p>\n<\/div><\/div>\n\n\n\n<div class=\"wp-block-group alignwide\"><div class=\"wp-block-group__inner-container is-layout-constrained wp-container-core-group-is-layout-ea1a8c23 wp-block-group-is-layout-constrained\">\n<h2 class=\"wp-block-heading has-text-align-center has-ast-global-color-2-color has-text-color\"><br>De\u011fi\u015fimler<\/h2>\n\n\n\n<p class=\"has-text-align-center\">Yaln\u0131zca ar\u0131zal\u0131 veya hasarl\u0131ysa \u00fcr\u00fcnleri de\u011fi\u015ftiririz. Ayn\u0131 \u00fcr\u00fcnle de\u011fi\u015ftirmeniz gerekirse, bize {email address} adresinden bir e-posta g\u00f6nderin ve \u00fcr\u00fcn\u00fcn\u00fcz\u00fc \u015fu adrese g\u00f6nderin: {physical address}.<\/p>\n<\/div><\/div>\n\n\n\n<div class=\"wp-block-group alignwide\"><div class=\"wp-block-group__inner-container is-layout-constrained wp-container-core-group-is-layout-ea1a8c23 wp-block-group-is-layout-constrained\">\n<h2 class=\"wp-block-heading has-text-align-center has-ast-global-color-2-color has-text-color\"><br>Hediyelerin De\u011fi\u015fimi yada \u0130adesi<\/h2>\n\n\n\n<p class=\"has-text-align-center\">\u00dcr\u00fcn sat\u0131n al\u0131nd\u0131\u011f\u0131nda hediye olarak i\u015faretlenmi\u015fse ve do\u011frudan size g\u00f6nderilmi\u015fse, iadenizin de\u011feri kadar bir hediye kredisi al\u0131rs\u0131n\u0131z. \u0130ade edilen \u00fcr\u00fcn al\u0131nd\u0131\u011f\u0131nda, size bir hediye sertifikas\u0131 postalan\u0131r.<br><br>\u00dcr\u00fcn sat\u0131n al\u0131nd\u0131\u011f\u0131nda hediye olarak i\u015faretlenmemi\u015fse veya hediye veren ki\u015fi sipari\u015fi daha sonra size vermek \u00fczere kendisine g\u00f6ndermi\u015fse, hediye veren ki\u015fiye bir geri \u00f6deme g\u00f6ndeririz ve iadeniz hakk\u0131nda bilgi sahibi olurlar.<\/p>\n<\/div><\/div>\n\n\n\n<div class=\"wp-block-group alignwide\"><div class=\"wp-block-group__inner-container is-layout-constrained wp-container-core-group-is-layout-ea1a8c23 wp-block-group-is-layout-constrained\">\n<h2 class=\"wp-block-heading has-text-align-center has-ast-global-color-2-color has-text-color\"><br>G\u00f6nderim \u0130adeleri<\/h2>\n\n\n\n<p class=\"has-text-align-center\">\u00dcr\u00fcn\u00fcn\u00fcz\u00fc iade etmek i\u00e7in, \u00fcr\u00fcn\u00fcn\u00fcz\u00fc \u015fu adrese postayla g\u00f6ndermelisiniz: {fiziksel adres}.<br><br>\u00dcr\u00fcn\u00fcn\u00fcz\u00fc iade etmek i\u00e7in kendi nakliye masraflar\u0131n\u0131z\u0131 \u00f6demekten siz sorumlusunuz. Nakliye masraflar\u0131 iade edilmez. Bir geri \u00f6deme al\u0131rsan\u0131z, iade nakliye masraf\u0131 geri \u00f6demenizden d\u00fc\u015f\u00fclecektir.<br><br>Ya\u015fad\u0131\u011f\u0131n\u0131z yere ba\u011fl\u0131 olarak, de\u011fi\u015ftirilen \u00fcr\u00fcn\u00fcn\u00fcz\u00fcn size ula\u015fmas\u0131n\u0131n ne kadar s\u00fcrece\u011fi de\u011fi\u015febilir.<br><br>Daha pahal\u0131 \u00fcr\u00fcnler iade ediyorsan\u0131z, takip edilebilir bir nakliye hizmeti kullanmay\u0131 veya nakliye sigortas\u0131 sat\u0131n almay\u0131 d\u00fc\u015f\u00fcnebilirsiniz. \u0130ade etti\u011finiz \u00fcr\u00fcn\u00fc alaca\u011f\u0131m\u0131z\u0131 garanti etmiyoruz.<\/p>\n<\/div><\/div>\n\n\n\n<div class=\"wp-block-group alignfull is-content-justification-center\" style=\"margin-top:0;margin-bottom:0;padding-top:calc( 0.5 * var(--wp--style--root--padding-right, var(--wp--custom--gap--horizontal)));padding-right:var(--wp--style--root--padding-right, var(--wp--custom--gap--horizontal));padding-bottom:calc( 0.5 * var(--wp--style--root--padding-right, var(--wp--custom--gap--horizontal)));padding-left:var(--wp--style--root--padding-left, var(--wp--custom--gap--horizontal))\"><div class=\"wp-block-group__inner-container is-layout-constrained wp-container-core-group-is-layout-b073b61b wp-block-group-is-layout-constrained\">\n<div style=\"height:8px\" aria-hidden=\"true\" class=\"wp-block-spacer\"><\/div>\n\n\n\n<div class=\"wp-block-group alignwide\"><div class=\"wp-block-group__inner-container is-layout-constrained wp-container-core-group-is-layout-ea1a8c23 wp-block-group-is-layout-constrained\">\n<h2 class=\"wp-block-heading has-text-align-center has-ast-global-color-2-color has-text-color\"><br>Yard\u0131ma m\u0131 ihtiyac\u0131n\u0131z var?<\/h2>\n\n\n\n<p class=\"has-text-align-center\">\u0130ade ve iadelerle ilgili sorular\u0131n\u0131z i\u00e7in;<\/p>\n\n\n\n<div class=\"wp-block-buttons is-horizontal is-content-justification-center is-layout-flex wp-container-core-buttons-is-layout-937ffba9 wp-block-buttons-is-layout-flex\">\n<div class=\"wp-block-button\"><a class=\"wp-block-button__link wp-element-button\" href=\"https:\/\/www.denizliups.com\/iletisim\/\">Bizimle \u0130leti\u015fime Ge\u00e7in<\/a><\/div>\n<\/div>\n<\/div><\/div>\n\n\n\n<div style=\"height:calc( 0.25 * var(--wp--style--root--padding-right, var(--wp--custom--gap--horizontal)))\" aria-hidden=\"true\" class=\"wp-block-spacer\"><\/div>\n<\/div><\/div>\n","protected":false},"excerpt":{"rendered":"<p>Genel Bak\u0131\u015f \u0130ade ve iade politikam\u0131z 30 g\u00fcnd\u00fcr. Sat\u0131n alma i\u015fleminizden bu yana 30 g\u00fcn ge\u00e7tiyse, size tam bir iade veya de\u011fi\u015fim teklif edemeyiz. \u0130ade i\u00e7in uygun olabilmeniz i\u00e7in, \u00fcr\u00fcn\u00fcn\u00fcz\u00fcn kullan\u0131lmam\u0131\u015f ve ald\u0131\u011f\u0131n\u0131z zamanki durumda olmas\u0131 gerekir. Ayr\u0131ca orijinal ambalaj\u0131nda \u200b\u200bolmas\u0131 gerekir. Birka\u00e7 t\u00fcr mal iadeden muaft\u0131r. Yiyecek, \u00e7i\u00e7ek, gazete veya dergi gibi bozulabilir mallar [&hellip;]<\/p>\n","protected":false},"author":1,"featured_media":0,"parent":0,"menu_order":0,"comment_status":"closed","ping_status":"closed","template":"","meta":{"googlesitekit_rrm_CAow-uG7DA:productID":"","pagelayer_contact_templates":[],"_pagelayer_content":"","footnotes":""},"class_list":["post-120","page","type-page","status-publish","hentry"],"_links":{"self":[{"href":"https:\/\/www.denizliups.com\/index.php?rest_route=\/wp\/v2\/pages\/120","targetHints":{"allow":["GET"]}}],"collection":[{"href":"https:\/\/www.denizliups.com\/index.php?rest_route=\/wp\/v2\/pages"}],"about":[{"href":"https:\/\/www.denizliups.com\/index.php?rest_route=\/wp\/v2\/types\/page"}],"author":[{"embeddable":true,"href":"https:\/\/www.denizliups.com\/index.php?rest_route=\/wp\/v2\/users\/1"}],"replies":[{"embeddable":true,"href":"https:\/\/www.denizliups.com\/index.php?rest_route=%2Fwp%2Fv2%2Fcomments&post=120"}],"version-history":[{"count":2,"href":"https:\/\/www.denizliups.com\/index.php?rest_route=\/wp\/v2\/pages\/120\/revisions"}],"predecessor-version":[{"id":364,"href":"https:\/\/www.denizliups.com\/index.php?rest_route=\/wp\/v2\/pages\/120\/revisions\/364"}],"wp:attachment":[{"href":"https:\/\/www.denizliups.com\/index.php?rest_route=%2Fwp%2Fv2%2Fmedia&parent=120"}],"curies":[{"name":"wp","href":"https:\/\/api.w.org\/{rel}","templated":true}]}}